{"id":2,"date":"2026-04-21T10:35:42","date_gmt":"2026-04-21T10:35:42","guid":{"rendered":"https:\/\/transparencysuomi.fi\/?page_id=2"},"modified":"2026-04-21T10:46:21","modified_gmt":"2026-04-21T10:46:21","slug":"jarjestosta","status":"publish","type":"page","link":"https:\/\/transparencysuomi.fi\/?page_id=2","title":{"rendered":"J\u00e4rjest\u00f6st\u00e4"},"content":{"rendered":"\n<p>Transparency International Suomi ry (TI Suomi) on itsen\u00e4inen, poliittisesti riippumaton ja voittoa tavoittelematon yhdistys, jonka tarkoituksena on ehk\u00e4ist\u00e4 korruptiota ja edist\u00e4\u00e4 l\u00e4pin\u00e4kyvyytt\u00e4, vastuullisuutta, eettisyytt\u00e4 ja rehellisyytt\u00e4 yhteiskunnan eri alueilla. Transparency International Suomi edist\u00e4\u00e4 toiminnallaan oikeusvaltion periaatteiden toteutumista.<\/p>\n\n\n\n<p>Yhdistyksen toimintaa johtaa hallitus, jonka j\u00e4senet ovat sitoutuneet s\u00e4\u00e4nn\u00f6iss\u00e4 m\u00e4\u00e4riteltyihin periaatteisiin ja toimintatapoihin. Yhdistyksen hallituksen valitsee yhdistyksen vuosikokous, johon osallistuvat yhdistyksen j\u00e4senet. Hallituksen toimikausi on yksi vuosi. Hallituksen j\u00e4senyyteen sovellamme viiden vuoden rotaatios\u00e4\u00e4nt\u00f6\u00e4.<\/p>\n\n\n\n<h2 class=\"wp-block-heading\">Toimintamme ja tavoitteemme<\/h2>\n\n\n\n<p>TI Suomi osallistuu aktiivisesti yhteiskunnalliseen keskusteluun edist\u00e4\u00e4kseen korruptiontorjuntaa, yhteiskunnallista avoimuutta ja oikeusvaltioperiaatteen toteutumista Suomessa. Toimintamme koostuu p\u00e4\u00e4asiassa kansalliseen lains\u00e4\u00e4d\u00e4nt\u00f6\u00f6n vaikuttamisesta ja edunvalvonnasta, tiedottamisesta ja korruptiotietoisuuden edist\u00e4misest\u00e4, sek\u00e4 kansainv\u00e4lisest\u00e4 yhteisty\u00f6st\u00e4.&nbsp;<\/p>\n\n\n\n<p>TI Suomella on tunnustettu asema keskeisiss\u00e4 julkisissa neuvottelukunnissa ja se osallistuu aktiivisesti kansainv\u00e4lisiin ja kansallisiin korruptioselvityksiin, kuten esimerkiksi Open Government Partnershipin ja Euroopan komission oikeusvaltiokertomuksen tiedonkeruuseen.<\/p>\n\n\n\n<p>Edellisen kerran TI Suomi laati laajemman toimenpidelistan vuoden 2023 eduskuntavaaleja varten. T\u00e4m\u00e4n lis\u00e4ksi olemme aktiivisesti esitt\u00e4neet suosituksia my\u00f6s muihin ajankohtaisiin lains\u00e4\u00e4d\u00e4nt\u00f6muutoksiin. Eduskuntavaalien politiikkasuosituksista voit lukea alta.<br><br><strong>Transparency International Suomen suositukset vuoden 2023 hallitusohjelmaan:<\/strong><br><br><strong>1. Poliittisen j\u00e4rjestelm\u00e4n vastuullisuus<\/strong><\/p>\n\n\n\n<ul class=\"wp-block-list\">\n<li><strong>Vaikutusvallan kauppaaminen on kriminalisoitava. <\/strong>Vaikutusvallan kauppaamista ei ole estetty Suomessa, vaikka olemme sitoutuneet sen kriminalisointiin jo vuonna 2002. Kriminalisointi on saatava vihdoin valmiiksi, sill\u00e4 olemme saaneet siit\u00e4 toistuvasti risuja t\u00e4t\u00e4 nyky\u00e4n my\u00f6s Euroopan komissiolta. Se on nostettava olennaiseksi osaksi hallitusohjelmaa, etenkin, kun otetaan huomioon vaikutusvallan kauppaamisen mahdollistavan my\u00f6s ulkopoliittisen vaikuttamisen Suomen p\u00e4\u00e4t\u00f6ksentekoon.<\/li>\n\n\n\n<li><strong>Py\u00f6r\u00f6-ovi -ilmi\u00f6 tarvitsee sitovaa lains\u00e4\u00e4d\u00e4nt\u00f6\u00e4.<\/strong> Suomen johtavien virkamiesten ja p\u00e4\u00e4tt\u00e4jien siirtyminen yksityisen sektorin teht\u00e4viin tai p\u00e4invastoin on tavanomainen ilmi\u00f6. Esimerkiksi erityisavustajiin rajattujen periaatep\u00e4\u00e4t\u00f6sten sijaan ilmi\u00f6n suitsemiseksi vaaditaan sitova lains\u00e4\u00e4d\u00e4nt\u00f6, joka on uskottava ja kattaa olennaiset p\u00e4\u00e4tt\u00e4j\u00e4t. Edellisen hallituksen ty\u00f6 kunnollisen karenssilains\u00e4\u00e4d\u00e4nn\u00f6n pohjaksi on otettava my\u00f6s tulevaan hallitusohjelmaan.<\/li>\n\n\n\n<li><strong>Avoimuusrekisterin tehokas toimeenpano ja kehitt\u00e4minen. <\/strong>Kuluneella hallituskaudella valmisteltu avoimuusrekisteri vaatii asianmukaisen toimeenpanemisen ja teknisen toteutuksen, jonka lis\u00e4ksi tulevan eduskunnan tulee paikata esitykseen j\u00e4\u00e4neit\u00e4 aukkoja, jotta lobbaus saadaan julkiseksi. Avoimuusrekisterin ensimm\u00e4isten havaintojen selvitt\u00e4minen ja kehitt\u00e4minen tulee ottaa hallituksen asialistalle sen laajentamiseksi ja parantamiseksi viimeist\u00e4\u00e4n 2025.<\/li>\n\n\n\n<li><strong>Sidonnaisuuksien parempi valvonta ja l\u00e4pin\u00e4kyvyys.<\/strong> Nykyisten sidonnaisuusilmoitusten valvontaa, tarkkuutta ja kattavuutta on kehitett\u00e4v\u00e4, jotta ne est\u00e4v\u00e4t p\u00e4\u00e4tt\u00e4jien intressiristiiitoja. Nyky\u00e4\u00e4n sidonnaisuusilmoituksia k\u00e4sittelev\u00e4n VTV:n kunnollinen resursointi ja osaaminen on saatettava ajan tasalle, jotta t\u00e4m\u00e4 valvonta toteutuu kunnolla. T\u00e4t\u00e4 on tuettava my\u00f6s vaalimainosten l\u00e4pin\u00e4kyvyyden kehitt\u00e4misell\u00e4, sill\u00e4 nyky\u00e4\u00e4n on harvoin todennettavissa, onko ehdokas todellakin ostanut vain mainitsevansa mainokset.<\/li>\n<\/ul>\n\n\n\n<p><strong>2. Tiedonsaannin ja p\u00e4\u00e4t\u00f6ksenteon l\u00e4pin\u00e4kyvyys<\/strong><\/p>\n\n\n\n<ul class=\"wp-block-list\">\n<li><strong>Julkisuuslaki <\/strong>tulee nostaa hallitusohjelmaan mukaan, sill\u00e4 sit\u00e4 tulee kehitt\u00e4\u00e4 etenkin kahdella alueella:<\/li>\n<\/ul>\n\n\n\n<ul class=\"wp-block-list\">\n<li>\n<ul class=\"wp-block-list\">\n<li><strong>Tietopyynt\u00f6ihin <\/strong>on vastattava ajantasaisesti ja vastaamisk\u00e4yt\u00e4nt\u00f6j\u00e4 on kehitett\u00e4v\u00e4 perusteettomien kielt\u00e4ytymisten v\u00e4ltt\u00e4miseksi. Mik\u00e4li lains\u00e4\u00e4d\u00e4nt\u00f6 avataan, vastausaikoja on parannettava ja perusteettomia kielt\u00e4ytymisi\u00e4 kitkett\u00e4v\u00e4 tehokkaammin.<\/li>\n\n\n\n<li><strong>Julkisuuslain kattavuutta<\/strong> <strong>tulee laajentaa<\/strong> niin etteiv\u00e4t mm. julkisomisteiset yhti\u00f6t j\u00e4\u00e4v\u00e4t sen ulkopuolelle niiden merkitt\u00e4vyydest\u00e4 huolimatta. T\u00e4t\u00e4 nyky\u00e4 ne j\u00e4\u00e4v\u00e4t lains\u00e4\u00e4d\u00e4nn\u00f6n ulkopuolelle, mik\u00e4 j\u00e4tt\u00e4\u00e4 valtavan porsaanrei\u00e4n julkisomisteisten yhti\u00f6iden vastuullisen ja demokraattisen toiminnan avaamiseksi.<\/li>\n<\/ul>\n<\/li>\n\n\n\n<li><strong>Eri rekistereiden avoimuuden kehitt\u00e4minen ja tiedonsaannin parantaminen. <\/strong>Turvallisuusn\u00e4k\u00f6kulmien salliessa esimerkiksi omistajuustietojen tulee olla mahdollisimman helposti saatavilla mm. sidonnaisuuksien valvomiseksi. T\u00e4t\u00e4 varten hallitusohjelmaan tulee ottaa mukaan rekistereiden avoimuuden kehitt\u00e4minen <strong>hallintarekisterin<\/strong> omistajuuksien osalta, <strong>verotietojen julkisuuden turvaamisella<\/strong> ja avaamalla my\u00f6s verovapaat tulot ja j\u00e4lkiverop\u00e4\u00e4t\u00f6kset, sek\u00e4 takaamalla <strong>tosiasiallisten edunsaajien rekisterin<\/strong> avoin p\u00e4\u00e4sy Viron mallin mukaan, jossa rekisterin tiedot ovat avoimesti saatavana<\/li>\n\n\n\n<li><strong>Vaalirahoituslain aukkojen paikkaaminen.<\/strong> Vaalirahoituslain uudistus on otettava hallitusohjelmaan mukaan oikeusministeri\u00f6n selvityksen pohjalta. Nykyisell\u00e4\u00e4n laki j\u00e4tt\u00e4\u00e4 ehdokkaiden rahoituksesta suuren osan l\u00e4pin\u00e4kym\u00e4tt\u00f6m\u00e4ksi. Kotimaisten sidonnaisuuksien lis\u00e4ksi n\u00e4m\u00e4 aukot mahdollistavat my\u00f6s ulkomailta tulevan vaikuttamisen.<\/li>\n\n\n\n<li><strong>Riippumattoman median ja kansalaisyhteiskunnan tukeminen <\/strong>tulee ottaa huomioon tulevissa budjeteissa, takaamalla niiden korruptiontorjunnan osaaminen, itsen\u00e4isyys ja riippumattomuus. T\u00e4m\u00e4 vaatii tukea sek\u00e4 koulutuksen ett\u00e4 rahoituksen osalta. My\u00f6s median ja kansalaisyhteiskunnan toimijoiden rahoituksen l\u00e4hteiden avoimuudesta tulee s\u00e4\u00e4t\u00e4\u00e4 lains\u00e4\u00e4d\u00e4nn\u00f6ss\u00e4.<\/li>\n<\/ul>\n\n\n\n<p><strong>3. Yleinen korruptiontorjunta<\/strong><\/p>\n\n\n\n<ul class=\"wp-block-list\">\n<li><strong>Lahjontarikollisuuteen puuttumisen tehostaminen.<\/strong> Suomi on saanut OECD:lt\u00e4 moitteita ulkomailla tapahtuvan lahjonnan heikon torjunnan vuoksi. Heikon arvion syyt on selvitett\u00e4v\u00e4 ja niiden puutteisiin on puututtava niin lains\u00e4\u00e4d\u00e4nn\u00f6n kuin muiden toimenpiteiden osalta.<\/li>\n\n\n\n<li><strong>Korruptiorikosten tutkinnan, selvitt\u00e4misen ja k\u00e4sittelyn kehitt\u00e4minen.<\/strong> Lainvalvonta- ja muiden viranomaisten ja oikeuslaitosten kyky tutkia ja k\u00e4sitell\u00e4 korruptiorikoksia tulee selvitt\u00e4\u00e4 ja ilmenev\u00e4t puutteet paikata mit\u00e4 pikimmiten.<\/li>\n\n\n\n<li><strong>Korruptionvastaisen strategian arviointi ja kehitt\u00e4minen.<\/strong> Vuoden 2021 korruptionvastaisen strategian vaikutukset, tehokkuus ja resurssien tarve on selvitett\u00e4v\u00e4 jatkotoimenpiteiden kehitt\u00e4miseksi mit\u00e4 pikimmiten, jotta vuonna 2023 p\u00e4\u00e4ttyv\u00e4n strategian pohjaty\u00f6t\u00e4 voidaan kehitt\u00e4\u00e4 ja jatkaa.<\/li>\n<\/ul>\n\n\n\n<p><strong>4. Korruptiontorjunnan kehitt\u00e4minen EU politiikassa<\/strong><\/p>\n\n\n\n<ul class=\"wp-block-list\">\n<li><strong>EU:n korruptionvastainen toimenpidepaketti. <\/strong>VAsta julkaistun EU:n korruptiontorjuntapaketti pit\u00e4\u00e4 sis\u00e4ll\u00e4\u00e4n useita eri toimenpiteit\u00e4. Suomen tulean hallituksen on otettava kunnianhimoinen l\u00e4hestysmitapa korruptionvastaisen paketin edist\u00e4miseksi. Eurooppalaisilla yhteismarkkinoilla koko alueen korruptioriskit l\u00e4ikkyv\u00e4t koskettamaan my\u00f6s Suomea, joko suoraa tai ep\u00e4suorasti.<\/li>\n\n\n\n<li><strong>Yritysvastuun ja due diligencen kehitt\u00e4minen EU:n Corporate Sustainability Due Diligence -aloitteen osalta.<\/strong> Suomen on pyritt\u00e4v\u00e4 edist\u00e4m\u00e4\u00e4n kunnianhimoista CSDD-aloitetta, joka on t\u00e4ll\u00e4 hetkell\u00e4 EU:ssa k\u00e4sitelt\u00e4v\u00e4n\u00e4. EU:n tasolla valmisteltava suuryritysten due diligence -velvoite on tulossa direktiivimuotoiseksi, jolloin Suomi voi vaatia suuryrityksilt\u00e4 direktiiviehdotusta kunnianhimoisempaa Norjan due diligence-mallia.<\/li>\n<\/ul>\n\n\n\n<h2 class=\"wp-block-heading\">J\u00e4seneksi liittyminen<\/h2>\n\n\n\n<p>Korruption vastaista ty\u00f6t\u00e4mme voi tukea lahjoittamalla tai liittym\u00e4ll\u00e4 j\u00e4seneksi t\u00e4ytt\u00e4m\u00e4ll\u00e4 alla olevan lomakkeen. Olemme vaikuttava asiantuntijaverkosto ja j\u00e4senist\u00f6\u00f6mme kuuluu ihmisi\u00e4 kaikilta yhteiskunnan aloilta sek\u00e4 julkiselta ett\u00e4 yksityiselt\u00e4 sektorilta. Kaikki ovat tervetulleita mukaan ammatista ja asemasta riippumatta \u2013 tule sin\u00e4kin!<\/p>\n\n\n\n<p>J\u00e4senhinta: 20\u20ac<\/p>\n\n\n\n<p>Alennettu j\u00e4senhinta (opiskelijat, ty\u00f6tt\u00f6m\u00e4t, el\u00e4kel\u00e4iset): 10\u20ac<\/p>\n\n\n\n<p><strong>Yhdistyksen tili:&nbsp;<\/strong>FI7140554320060146<br><strong>Nimi: <\/strong>Transparency International Suomi ry<\/p>\n\n\n\n<p><\/p>\n","protected":false},"excerpt":{"rendered":"<p>Transparency International Suomi ry (TI Suomi) on itsen\u00e4inen, poliittisesti riippumaton ja voittoa tavoittelematon yhdistys, jonka tarkoituksena on ehk\u00e4ist\u00e4 korruptiota ja edist\u00e4\u00e4 l\u00e4pin\u00e4kyvyytt\u00e4, vastuullisuutta, eettisyytt\u00e4 ja rehellisyytt\u00e4 yhteiskunnan eri alueilla. Transparency International Suomi edist\u00e4\u00e4 toiminnallaan oikeusvaltion periaatteiden toteutumista. Yhdistyksen toimintaa johtaa hallitus, jonka j\u00e4senet ovat sitoutuneet s\u00e4\u00e4nn\u00f6iss\u00e4 m\u00e4\u00e4riteltyihin periaatteisiin ja toimintatapoihin. Yhdistyksen hallituksen valitsee yhdistyksen vuosikokous, [&hellip;]<\/p>\n","protected":false},"author":1,"featured_media":0,"parent":0,"menu_order":0,"comment_status":"closed","ping_status":"closed","template":"","meta":{"footnotes":""},"class_list":["post-2","page","type-page","status-publish","hentry"],"_links":{"self":[{"href":"https:\/\/transparencysuomi.fi\/index.php?rest_route=\/wp\/v2\/pages\/2","targetHints":{"allow":["GET"]}}],"collection":[{"href":"https:\/\/transparencysuomi.fi\/index.php?rest_route=\/wp\/v2\/pages"}],"about":[{"href":"https:\/\/transparencysuomi.fi\/index.php?rest_route=\/wp\/v2\/types\/page"}],"author":[{"embeddable":true,"href":"https:\/\/transparencysuomi.fi\/index.php?rest_route=\/wp\/v2\/users\/1"}],"replies":[{"embeddable":true,"href":"https:\/\/transparencysuomi.fi\/index.php?rest_route=%2Fwp%2Fv2%2Fcomments&post=2"}],"version-history":[{"count":3,"href":"https:\/\/transparencysuomi.fi\/index.php?rest_route=\/wp\/v2\/pages\/2\/revisions"}],"predecessor-version":[{"id":52,"href":"https:\/\/transparencysuomi.fi\/index.php?rest_route=\/wp\/v2\/pages\/2\/revisions\/52"}],"wp:attachment":[{"href":"https:\/\/transparencysuomi.fi\/index.php?rest_route=%2Fwp%2Fv2%2Fmedia&parent=2"}],"curies":[{"name":"wp","href":"https:\/\/api.w.org\/{rel}","templated":true}]}}