{"id":27,"date":"2026-04-21T09:02:11","date_gmt":"2026-04-21T09:02:11","guid":{"rendered":"https:\/\/transparencysuomi.fi\/?page_id=27"},"modified":"2026-04-21T09:02:11","modified_gmt":"2026-04-21T09:02:11","slug":"uutiset","status":"publish","type":"page","link":"https:\/\/transparencysuomi.fi\/?page_id=27","title":{"rendered":"Uutiset"},"content":{"rendered":"\n<div class=\"wp-block-group alignfull is-layout-flow wp-container-core-group-is-layout-f9cb6abc wp-block-group-is-layout-flow\" style=\"margin-top:0;margin-bottom:0\">\n<div class=\"wp-block-columns alignfull is-style-section-2 is-layout-flex wp-container-core-columns-is-layout-d9884270 wp-block-columns-is-layout-flex is-style-section-2--1\" style=\"padding-top:0;padding-bottom:0\">\n<div class=\"wp-block-column is-layout-flow wp-block-column-is-layout-flow\" style=\"flex-basis:50%\">\n<div class=\"wp-block-group is-vertical is-content-justification-stretch is-layout-flex wp-container-core-group-is-layout-098fff0a wp-block-group-is-layout-flex\" style=\"min-height:33vh;padding-top:var(--wp--preset--spacing--50);padding-right:var(--wp--preset--spacing--50);padding-bottom:var(--wp--preset--spacing--50);padding-left:var(--wp--preset--spacing--50)\">\n<p><strong>Sivua p\u00e4ivitet\u00e4\u00e4n<\/strong><\/p>\n\n\n\n<p>\u00a0<\/p>\n\n\n\n<p>Alla menneet uutiset, joita voit tarkastella\u00a0<a href=\"https:\/\/web.archive.org\/web\/20240809044840\/http:\/\/www.transparency.fi\/tiedotteet\/\">vanhoilta kotisivuiltamme<\/a>.<\/p>\n\n\n\n<div style=\"height:0px\" aria-hidden=\"true\" class=\"wp-block-spacer wp-container-content-6388d5dc\"><\/div>\n\n\n<\/div>\n<\/div>\n\n\n\n<div class=\"wp-block-column is-layout-flow wp-block-column-is-layout-flow\" style=\"flex-basis:50%\">\n<div class=\"wp-block-cover is-light\"><img loading=\"lazy\" decoding=\"async\" width=\"1024\" height=\"641\" class=\"wp-block-cover__image-background wp-image-14 size-full\" alt=\"\" src=\"https:\/\/transparencysuomi.fi\/wp-content\/uploads\/2026\/04\/cHJpdmF0ZS9sci9pbWFnZXMvd2Vic2l0ZS8yMDIyLTExL2xyL3drNzQyNTMzMS1pbWFnZS5qcGc.webp\" data-object-fit=\"cover\" srcset=\"https:\/\/transparencysuomi.fi\/wp-content\/uploads\/2026\/04\/cHJpdmF0ZS9sci9pbWFnZXMvd2Vic2l0ZS8yMDIyLTExL2xyL3drNzQyNTMzMS1pbWFnZS5qcGc.webp 1024w, https:\/\/transparencysuomi.fi\/wp-content\/uploads\/2026\/04\/cHJpdmF0ZS9sci9pbWFnZXMvd2Vic2l0ZS8yMDIyLTExL2xyL3drNzQyNTMzMS1pbWFnZS5qcGc-300x188.webp 300w, https:\/\/transparencysuomi.fi\/wp-content\/uploads\/2026\/04\/cHJpdmF0ZS9sci9pbWFnZXMvd2Vic2l0ZS8yMDIyLTExL2xyL3drNzQyNTMzMS1pbWFnZS5qcGc-768x481.webp 768w\" sizes=\"auto, (max-width: 1024px) 100vw, 1024px\" \/><span aria-hidden=\"true\" class=\"wp-block-cover__background has-background-dim-0 has-background-dim\" style=\"background-color:#9dacc1\"><\/span><div class=\"wp-block-cover__inner-container is-layout-flow wp-block-cover-is-layout-flow\">\n<div style=\"height:var(--wp--preset--spacing--20)\" aria-hidden=\"true\" class=\"wp-block-spacer\"><\/div>\n<\/div><\/div>\n<\/div>\n<\/div>\n<\/div>\n\n\n\n<figure class=\"wp-block-gallery has-nested-images columns-default is-cropped wp-block-gallery-2 is-layout-flex wp-block-gallery-is-layout-flex\">\n<figure class=\"wp-block-image size-large\"><img loading=\"lazy\" decoding=\"async\" width=\"1024\" height=\"327\" data-id=\"38\" src=\"https:\/\/transparencysuomi.fi\/wp-content\/uploads\/2026\/04\/Nayttokuva-2026-04-20-232308-1024x327.png\" alt=\"\" class=\"wp-image-38\" srcset=\"https:\/\/transparencysuomi.fi\/wp-content\/uploads\/2026\/04\/Nayttokuva-2026-04-20-232308-1024x327.png 1024w, https:\/\/transparencysuomi.fi\/wp-content\/uploads\/2026\/04\/Nayttokuva-2026-04-20-232308-300x96.png 300w, https:\/\/transparencysuomi.fi\/wp-content\/uploads\/2026\/04\/Nayttokuva-2026-04-20-232308-768x245.png 768w, https:\/\/transparencysuomi.fi\/wp-content\/uploads\/2026\/04\/Nayttokuva-2026-04-20-232308.png 1219w\" sizes=\"auto, (max-width: 1024px) 100vw, 1024px\" \/><\/figure>\n\n\n\n<figure class=\"wp-block-image size-large\"><img loading=\"lazy\" decoding=\"async\" width=\"1024\" height=\"361\" data-id=\"37\" src=\"https:\/\/transparencysuomi.fi\/wp-content\/uploads\/2026\/04\/Nayttokuva-2026-04-20-232254-1024x361.png\" alt=\"\" class=\"wp-image-37\" srcset=\"https:\/\/transparencysuomi.fi\/wp-content\/uploads\/2026\/04\/Nayttokuva-2026-04-20-232254-1024x361.png 1024w, https:\/\/transparencysuomi.fi\/wp-content\/uploads\/2026\/04\/Nayttokuva-2026-04-20-232254-300x106.png 300w, https:\/\/transparencysuomi.fi\/wp-content\/uploads\/2026\/04\/Nayttokuva-2026-04-20-232254-768x271.png 768w, https:\/\/transparencysuomi.fi\/wp-content\/uploads\/2026\/04\/Nayttokuva-2026-04-20-232254.png 1192w\" sizes=\"auto, (max-width: 1024px) 100vw, 1024px\" \/><\/figure>\n\n\n\n<figure class=\"wp-block-image size-large\"><img loading=\"lazy\" decoding=\"async\" width=\"1024\" height=\"338\" data-id=\"36\" src=\"https:\/\/transparencysuomi.fi\/wp-content\/uploads\/2026\/04\/Nayttokuva-2026-04-20-232230-1024x338.png\" alt=\"\" class=\"wp-image-36\" srcset=\"https:\/\/transparencysuomi.fi\/wp-content\/uploads\/2026\/04\/Nayttokuva-2026-04-20-232230-1024x338.png 1024w, https:\/\/transparencysuomi.fi\/wp-content\/uploads\/2026\/04\/Nayttokuva-2026-04-20-232230-300x99.png 300w, https:\/\/transparencysuomi.fi\/wp-content\/uploads\/2026\/04\/Nayttokuva-2026-04-20-232230-768x253.png 768w, https:\/\/transparencysuomi.fi\/wp-content\/uploads\/2026\/04\/Nayttokuva-2026-04-20-232230.png 1171w\" sizes=\"auto, (max-width: 1024px) 100vw, 1024px\" \/><\/figure>\n\n\n\n<figure class=\"wp-block-image size-large\"><img loading=\"lazy\" decoding=\"async\" width=\"1024\" height=\"360\" data-id=\"35\" src=\"https:\/\/transparencysuomi.fi\/wp-content\/uploads\/2026\/04\/Nayttokuva-2026-04-20-232217-1024x360.png\" alt=\"\" class=\"wp-image-35\" srcset=\"https:\/\/transparencysuomi.fi\/wp-content\/uploads\/2026\/04\/Nayttokuva-2026-04-20-232217-1024x360.png 1024w, https:\/\/transparencysuomi.fi\/wp-content\/uploads\/2026\/04\/Nayttokuva-2026-04-20-232217-300x105.png 300w, https:\/\/transparencysuomi.fi\/wp-content\/uploads\/2026\/04\/Nayttokuva-2026-04-20-232217-768x270.png 768w, https:\/\/transparencysuomi.fi\/wp-content\/uploads\/2026\/04\/Nayttokuva-2026-04-20-232217.png 1164w\" sizes=\"auto, (max-width: 1024px) 100vw, 1024px\" \/><\/figure>\n\n\n\n<figure class=\"wp-block-image size-large\"><img loading=\"lazy\" decoding=\"async\" width=\"1024\" height=\"333\" data-id=\"34\" src=\"https:\/\/transparencysuomi.fi\/wp-content\/uploads\/2026\/04\/Nayttokuva-2026-04-20-232202-1024x333.png\" alt=\"\" class=\"wp-image-34\" srcset=\"https:\/\/transparencysuomi.fi\/wp-content\/uploads\/2026\/04\/Nayttokuva-2026-04-20-232202-1024x333.png 1024w, https:\/\/transparencysuomi.fi\/wp-content\/uploads\/2026\/04\/Nayttokuva-2026-04-20-232202-300x97.png 300w, https:\/\/transparencysuomi.fi\/wp-content\/uploads\/2026\/04\/Nayttokuva-2026-04-20-232202-768x249.png 768w, https:\/\/transparencysuomi.fi\/wp-content\/uploads\/2026\/04\/Nayttokuva-2026-04-20-232202.png 1164w\" sizes=\"auto, (max-width: 1024px) 100vw, 1024px\" \/><\/figure>\n\n\n\n<figure class=\"wp-block-image size-large\"><img loading=\"lazy\" decoding=\"async\" width=\"1024\" height=\"281\" data-id=\"33\" src=\"https:\/\/transparencysuomi.fi\/wp-content\/uploads\/2026\/04\/Nayttokuva-2026-04-20-232148-1024x281.png\" alt=\"\" class=\"wp-image-33\" srcset=\"https:\/\/transparencysuomi.fi\/wp-content\/uploads\/2026\/04\/Nayttokuva-2026-04-20-232148-1024x281.png 1024w, https:\/\/transparencysuomi.fi\/wp-content\/uploads\/2026\/04\/Nayttokuva-2026-04-20-232148-300x82.png 300w, https:\/\/transparencysuomi.fi\/wp-content\/uploads\/2026\/04\/Nayttokuva-2026-04-20-232148-768x210.png 768w, https:\/\/transparencysuomi.fi\/wp-content\/uploads\/2026\/04\/Nayttokuva-2026-04-20-232148.png 1146w\" sizes=\"auto, (max-width: 1024px) 100vw, 1024px\" \/><\/figure>\n\n\n\n<figure class=\"wp-block-image size-large\"><img loading=\"lazy\" decoding=\"async\" width=\"1024\" height=\"312\" data-id=\"32\" src=\"https:\/\/transparencysuomi.fi\/wp-content\/uploads\/2026\/04\/Nayttokuva-2026-04-20-232125-1024x312.png\" alt=\"\" class=\"wp-image-32\" srcset=\"https:\/\/transparencysuomi.fi\/wp-content\/uploads\/2026\/04\/Nayttokuva-2026-04-20-232125-1024x312.png 1024w, https:\/\/transparencysuomi.fi\/wp-content\/uploads\/2026\/04\/Nayttokuva-2026-04-20-232125-300x91.png 300w, https:\/\/transparencysuomi.fi\/wp-content\/uploads\/2026\/04\/Nayttokuva-2026-04-20-232125-768x234.png 768w, https:\/\/transparencysuomi.fi\/wp-content\/uploads\/2026\/04\/Nayttokuva-2026-04-20-232125.png 1127w\" sizes=\"auto, (max-width: 1024px) 100vw, 1024px\" \/><\/figure>\n\n\n\n<figure class=\"wp-block-image size-large\"><img loading=\"lazy\" decoding=\"async\" width=\"1024\" height=\"339\" data-id=\"31\" src=\"https:\/\/transparencysuomi.fi\/wp-content\/uploads\/2026\/04\/Nayttokuva-2026-04-20-232113-1024x339.png\" alt=\"\" class=\"wp-image-31\" srcset=\"https:\/\/transparencysuomi.fi\/wp-content\/uploads\/2026\/04\/Nayttokuva-2026-04-20-232113-1024x339.png 1024w, https:\/\/transparencysuomi.fi\/wp-content\/uploads\/2026\/04\/Nayttokuva-2026-04-20-232113-300x99.png 300w, https:\/\/transparencysuomi.fi\/wp-content\/uploads\/2026\/04\/Nayttokuva-2026-04-20-232113-768x254.png 768w, https:\/\/transparencysuomi.fi\/wp-content\/uploads\/2026\/04\/Nayttokuva-2026-04-20-232113.png 1155w\" sizes=\"auto, (max-width: 1024px) 100vw, 1024px\" \/><\/figure>\n\n\n\n<figure class=\"wp-block-image size-large\"><img loading=\"lazy\" decoding=\"async\" width=\"1024\" height=\"352\" data-id=\"30\" src=\"https:\/\/transparencysuomi.fi\/wp-content\/uploads\/2026\/04\/Nayttokuva-2026-04-20-232053-1024x352.png\" alt=\"\" class=\"wp-image-30\" srcset=\"https:\/\/transparencysuomi.fi\/wp-content\/uploads\/2026\/04\/Nayttokuva-2026-04-20-232053-1024x352.png 1024w, https:\/\/transparencysuomi.fi\/wp-content\/uploads\/2026\/04\/Nayttokuva-2026-04-20-232053-300x103.png 300w, https:\/\/transparencysuomi.fi\/wp-content\/uploads\/2026\/04\/Nayttokuva-2026-04-20-232053-768x264.png 768w, https:\/\/transparencysuomi.fi\/wp-content\/uploads\/2026\/04\/Nayttokuva-2026-04-20-232053.png 1143w\" sizes=\"auto, (max-width: 1024px) 100vw, 1024px\" \/><\/figure>\n\n\n\n<figure class=\"wp-block-image size-large\"><img loading=\"lazy\" decoding=\"async\" width=\"1024\" height=\"406\" data-id=\"29\" src=\"https:\/\/transparencysuomi.fi\/wp-content\/uploads\/2026\/04\/Nayttokuva-2026-04-20-232007-1024x406.png\" alt=\"\" class=\"wp-image-29\" srcset=\"https:\/\/transparencysuomi.fi\/wp-content\/uploads\/2026\/04\/Nayttokuva-2026-04-20-232007-1024x406.png 1024w, https:\/\/transparencysuomi.fi\/wp-content\/uploads\/2026\/04\/Nayttokuva-2026-04-20-232007-300x119.png 300w, https:\/\/transparencysuomi.fi\/wp-content\/uploads\/2026\/04\/Nayttokuva-2026-04-20-232007-768x305.png 768w, https:\/\/transparencysuomi.fi\/wp-content\/uploads\/2026\/04\/Nayttokuva-2026-04-20-232007.png 1147w\" sizes=\"auto, (max-width: 1024px) 100vw, 1024px\" \/><\/figure>\n<\/figure>\n","protected":false},"excerpt":{"rendered":"<p>Sivua p\u00e4ivitet\u00e4\u00e4n \u00a0 Alla menneet uutiset, joita voit tarkastella\u00a0vanhoilta kotisivuiltamme.<\/p>\n","protected":false},"author":1,"featured_media":0,"parent":0,"menu_order":0,"comment_status":"closed","ping_status":"closed","template":"","meta":{"footnotes":""},"class_list":["post-27","page","type-page","status-publish","hentry"],"_links":{"self":[{"href":"https:\/\/transparencysuomi.fi\/index.php?rest_route=\/wp\/v2\/pages\/27","targetHints":{"allow":["GET"]}}],"collection":[{"href":"https:\/\/transparencysuomi.fi\/index.php?rest_route=\/wp\/v2\/pages"}],"about":[{"href":"https:\/\/transparencysuomi.fi\/index.php?rest_route=\/wp\/v2\/types\/page"}],"author":[{"embeddable":true,"href":"https:\/\/transparencysuomi.fi\/index.php?rest_route=\/wp\/v2\/users\/1"}],"replies":[{"embeddable":true,"href":"https:\/\/transparencysuomi.fi\/index.php?rest_route=%2Fwp%2Fv2%2Fcomments&post=27"}],"version-history":[{"count":2,"href":"https:\/\/transparencysuomi.fi\/index.php?rest_route=\/wp\/v2\/pages\/27\/revisions"}],"predecessor-version":[{"id":40,"href":"https:\/\/transparencysuomi.fi\/index.php?rest_route=\/wp\/v2\/pages\/27\/revisions\/40"}],"wp:attachment":[{"href":"https:\/\/transparencysuomi.fi\/index.php?rest_route=%2Fwp%2Fv2%2Fmedia&parent=27"}],"curies":[{"name":"wp","href":"https:\/\/api.w.org\/{rel}","templated":true}]}}